{"id":35,"date":"2022-01-05T14:12:37","date_gmt":"2022-01-05T14:12:37","guid":{"rendered":"https:\/\/web4pro.se\/blog\/?page_id=35"},"modified":"2022-03-31T07:32:28","modified_gmt":"2022-03-31T07:32:28","slug":"blog","status":"publish","type":"page","link":"https:\/\/web4pro.se\/blogg\/","title":{"rendered":"blog"},"content":{"rendered":"  <section id=\"slider_categories_block-block_61d5a7f2331a6\" class=\"banner js-intro slider_categories_block\">\n    <h1 class=\"banner-title\">v\u00e5ra ber\u00e4ttelser f\u00f6r din<\/h1>\n    <ul>\n              <li class='banner-selector js-selector banner-selector-active' data-slide='tillv\u00e4xt'><h2>tillv\u00e4xt<\/h2><\/li>\n                <li class='banner-selector js-selector ' data-slide='f\u00f6rtroende'><h2>f\u00f6rtroende<\/h2><\/li>\n                <li class='banner-selector js-selector ' data-slide='framtid'><h2>framtid<\/h2><\/li>\n                <li class='banner-selector js-selector ' data-slide='inspiration'><h2>inspiration<\/h2><\/li>\n                <li class='banner-selector js-selector ' data-slide='styrka'><h2>styrka<\/h2><\/li>\n            <\/ul>\n    <div class=\"banner-slider js-banner-slider\">\n              <div class=\"banner-slide\" data-name=\"tillv\u00e4xt\">\n          <div>\n      <svg version=\"1.1\" id=\"Layer_1\" xmlns=\"http:\/\/www.w3.org\/2000\/svg\" xmlns:xlink=\"http:\/\/www.w3.org\/1999\/xlink\" x=\"0px\" y=\"0px\"\n        viewBox=\"0 -3.8 1440 215.2\" enable-background=\"new 0 -3.8 1440 215.2\" xml:space=\"preserve\">\n      <path fill=\"none\" stroke=\"#000000\" d=\"M0,46.1L50.7,77l189.4-29.1L507.5,66L811.7,1l193.4,76l124.8-29.1L1313.8,77L1440,48.5\"\/>\n      <path fill=\"none\" stroke=\"#000000\" d=\"M1440,111.5L1359.9,88l-111.8,56.4l-216,52.6L726,181.9l-87.8-69.5l-356.4-9.5L0,155.7\"\/>\n      <path fill=\"none\" stroke=\"#000000\" d=\"M1440,48.5l188.5-32.9L1754,48.5l256-32.9l146.5,44.5l184.5-64l227,19.5l143,77.5l169-32.5\"\/>\n      <path fill=\"none\" stroke=\"#000000\" d=\"M2880,170.1l-72.5,12.4l-116-33.9l-203-19L2169,182.5l-342.5-52.9L1629.3,163L1440,111.5\"\/>\n      <\/svg>        \n    <\/div>    \n    <div>\n      <svg version=\"1.1\" id=\"Layer_1\" xmlns=\"http:\/\/www.w3.org\/2000\/svg\" xmlns:xlink=\"http:\/\/www.w3.org\/1999\/xlink\" x=\"0px\" y=\"0px\"\n        viewBox=\"0 -3.8 1440 262.5\" enable-background=\"new 0 -3.8 1440 262.5\" xml:space=\"preserve\">\n      <path fill=\"none\" stroke=\"#000000\" d=\"M0,68.3l110.1-26.4l165.5-28.1L405,54.5l176-4.3l218.4,37.3l297,35.3l153-54.3L1440,87.4\"\/>\n      <path fill=\"none\" stroke=\"#000000\" d=\"M0,141.2l46-49.4l203.5,77.2l232.9-37.5l342,37.5l78.3-12.4l46-25.1l206,46l172.7-36.4\n        l112.5,52.8\"\/>\n      <path fill=\"none\" stroke=\"#000000\" d=\"M1440,87.4l186,19.9L1727.4,50l227-28l154,54l180-64.5l202,64.5l252-11L2880,16.5\"\/>\n      <path fill=\"none\" stroke=\"#000000\" d=\"M1440,193.8l102,47l248.4-55.8l138,47l248.5-72.5l180.3-13.8l64.2,39.3l189.5,47l214-47h55.1\"\n        \/>\n      <\/svg>           \n    <\/div>        <\/div>\n                <div class=\"banner-slide\" data-name=\"f\u00f6rtroende\">\n          <div>\n      <svg version=\"1.1\" id=\"Layer_1\" xmlns=\"http:\/\/www.w3.org\/2000\/svg\" xmlns:xlink=\"http:\/\/www.w3.org\/1999\/xlink\" x=\"0px\" y=\"0px\"\n        viewBox=\"1440 -3.8 1440 215.2\" enable-background=\"new 1440 -3.8 1440 215.2\" xml:space=\"preserve\">\n      <path fill=\"none\" stroke=\"#000000\" d=\"M0,46.1L50.7,77l189.4-29.1L507.5,66L811.7,1l193.4,76l124.8-29.1L1313.8,77L1440,48.5\"\/>\n      <path fill=\"none\" stroke=\"#000000\" d=\"M1440,111.5L1359.9,88l-111.8,56.4l-216,52.6L726,181.9l-87.8-69.5l-356.4-9.5L0,155.7\"\/>\n      <path fill=\"none\" stroke=\"#000000\" d=\"M1440,48.5l188.5-32.9L1754,48.5l256-32.9l146.5,44.5l184.5-64l227,19.5l143,77.5l169-32.5\"\/>\n      <path fill=\"none\" stroke=\"#000000\" d=\"M2880,170.1l-72.5,12.4l-116-33.9l-203-19L2169,182.5l-342.5-52.9L1629.3,163L1440,111.5\"\/>\n      <path fill=\"none\" stroke=\"#000000\" d=\"M2880,60.6l50.7,30.8l189.4-29.1l267.4,18.1l304.2-65l193.4,76l124.8-29.1l183.9,29.1\n        L4320,62.9\"\/>\n      <path fill=\"none\" stroke=\"#000000\" d=\"M4320,126.1l-80.1-23.7l-111.8,56.4l-216,52.6L3606,196.3l-87.8-69.5l-356.4-9.5L2880,170.1\"\n        \/>\n      <\/svg>         \n    <\/div>           \n    <div>\n      <svg version=\"1.1\" id=\"Layer_1\" xmlns=\"http:\/\/www.w3.org\/2000\/svg\" xmlns:xlink=\"http:\/\/www.w3.org\/1999\/xlink\" x=\"0px\" y=\"0px\"\n        viewBox=\"1440 -3.8 1440 262.5\" enable-background=\"new 1440 -3.8 1440 262.5\" xml:space=\"preserve\">\n      <path fill=\"none\" stroke=\"#000000\" d=\"M0,68.3l110.1-26.4l165.5-28.1L405,54.5l176-4.3l218.4,37.3l297,35.3l153-54.3L1440,87.4\"\/>\n      <path fill=\"none\" stroke=\"#000000\" d=\"M0,141.2l46-49.4l203.5,77.2l232.9-37.5l342,37.5l78.3-12.4l46-25.1l206,46l172.7-36.4\n        l112.5,52.8\"\/>\n      <path fill=\"none\" stroke=\"#000000\" d=\"M1440,87.4l186,19.9L1727.4,50l227-28l154,54l180-64.5l202,64.5l252-11L2880,16.5\"\/>\n      <path fill=\"none\" stroke=\"#000000\" d=\"M1440,193.8l102,47l248.4-55.8l138,47l248.5-72.5l180.3-13.8l64.2,39.3l189.5,47l214-47h55.1\"\n        \/>\n      <path fill=\"none\" stroke=\"#000000\" d=\"M2880,16.5l50.3-17.1l176.3,78.9l115-52l379.5,98l295.5-74.5l80.5,39.2l153.5,32.3L4320,70.3\"\n        \/>\n      <path fill=\"none\" stroke=\"#000000\" d=\"M2880,185h102l232.3,73.6l134.5-45l157,18l230,27l187-45l158.5,25h135.5l103.3-10.3\"\/>\n      <\/svg>          \n    <\/div>        <\/div>\n                <div class=\"banner-slide\" data-name=\"framtid\">\n          <div>\n      <svg version=\"1.1\" id=\"Layer_1\" xmlns=\"http:\/\/www.w3.org\/2000\/svg\" xmlns:xlink=\"http:\/\/www.w3.org\/1999\/xlink\" x=\"0px\" y=\"0px\"\n        viewBox=\"2880 -3.8 1440 215.2\" enable-background=\"new 2880 -3.8 1440 215.2\" xml:space=\"preserve\">\n      <path fill=\"none\" stroke=\"#000000\" d=\"M1440,48.5l188.5-32.9L1754,48.5l256-32.9l146.5,44.5l184.5-64l227,19.5l143,77.5l169-32.5\"\/>\n      <path fill=\"none\" stroke=\"#000000\" d=\"M2880,170.1l-72.5,12.4l-116-33.9l-203-19L2169,182.5l-342.5-52.9L1629.3,163L1440,111.5\"\/>\n      <path fill=\"none\" stroke=\"#000000\" d=\"M2880,60.6l50.7,30.8l189.4-29.1l267.4,18.1l304.2-65l193.4,76l124.8-29.1l183.9,29.1\n        L4320,62.9\"\/>\n      <path fill=\"none\" stroke=\"#000000\" d=\"M4320,126.1l-80.1-23.7l-111.8,56.4l-216,52.6L3606,196.3l-87.8-69.5l-356.4-9.5L2880,170.1\"\n        \/>\n      <path fill=\"none\" stroke=\"#000000\" d=\"M4320,62.9l106-26l127.3-7.3l113.4,11.5l342-33.5l318.6,74.5l140.9-53.5l170,12.5L5760,52.5\"\n        \/>\n      <path fill=\"none\" stroke=\"#000000\" d=\"M5760,157l-100.6,20.1l-252.2-50.4l-333.5,55.5l-89.5-43l-236-13.5L4584.7,205L4320,126.1\"\/>\n      <\/svg>          \n    <\/div>        \n    <div>\n      <svg version=\"1.1\" id=\"Layer_1\" xmlns=\"http:\/\/www.w3.org\/2000\/svg\" xmlns:xlink=\"http:\/\/www.w3.org\/1999\/xlink\" x=\"0px\" y=\"0px\"\n        viewBox=\"2880 -3.8 1440 262.5\" enable-background=\"new 2880 -3.8 1440 262.5\" xml:space=\"preserve\">\n      <path fill=\"none\" stroke=\"#000000\" d=\"M1440,87.4l186,19.9L1727.4,50l227-28l154,54l180-64.5l202,64.5l252-11L2880,16.5\"\/>\n      <path fill=\"none\" stroke=\"#000000\" d=\"M1440,193.8l102,47l248.4-55.8l138,47l248.5-72.5l180.3-13.8l64.2,39.3l189.5,47l214-47h55.1\"\n        \/>\n      <path fill=\"none\" stroke=\"#000000\" d=\"M2880,16.5l50.3-17.1l176.3,78.9l115-52l379.5,98l295.5-74.5l80.5,39.2l153.5,32.3L4320,70.3\"\n        \/>\n      <path fill=\"none\" stroke=\"#000000\" d=\"M2880,185h102l232.3,73.6l134.5-45l157,18l230,27l187-45l158.5,25h135.5l103.3-10.3\"\/>\n      <path fill=\"none\" stroke=\"#000000\" d=\"M4320,70.3l111.7-30l207.8,48.3l153-45.6l110.5,8.3l264-8.3l251.3,80.9l153-54.3L5760,88.1\"\/>\n      <path fill=\"none\" stroke=\"#000000\" d=\"M4320,228.4l137-13.9l100-56.8l190,84.3l196-63.4l241,35.9l150-18l94,18l167,27.5l165-18.9\"\/>\n      <\/svg>         \n    <\/div>        <\/div>\n                <div class=\"banner-slide\" data-name=\"inspiration\">\n          <div>\n      <svg version=\"1.1\" id=\"Layer_1\" xmlns=\"http:\/\/www.w3.org\/2000\/svg\" xmlns:xlink=\"http:\/\/www.w3.org\/1999\/xlink\" x=\"0px\" y=\"0px\"\n        viewBox=\"4320 -3.8 1440 215.2\" enable-background=\"new 4320 -3.8 1440 215.2\" xml:space=\"preserve\">\n      <path fill=\"none\" stroke=\"#000000\" d=\"M2880,60.6l50.7,30.8l189.4-29.1l267.4,18.1l304.2-65l193.4,76l124.8-29.1l183.9,29.1\n        L4320,62.9\"\/>\n      <path fill=\"none\" stroke=\"#000000\" d=\"M4320,126.1l-80.1-23.7l-111.8,56.4l-216,52.6L3606,196.3l-87.8-69.5l-356.4-9.5L2880,170.1\"\n        \/>\n      <path fill=\"none\" stroke=\"#000000\" d=\"M4320,62.9l106-26l127.3-7.3l113.4,11.5l342-33.5l318.6,74.5l140.9-53.5l170,12.5L5760,52.5\"\n        \/>\n      <path fill=\"none\" stroke=\"#000000\" d=\"M5760,157l-100.6,20.1l-252.2-50.4l-333.5,55.5l-89.5-43l-236-13.5L4584.7,205L4320,126.1\"\/>\n      <path fill=\"none\" stroke=\"#000000\" d=\"M5760,52.5l124.8,10.1l96.5-65l340.5,31.5l214.5,33.5l239.5-33.5l166.5,40.5l142-40.5\n        L7200,46.1\"\/>\n      <path fill=\"none\" stroke=\"#000000\" d=\"M7200,155.7l-75.8,14.5l-268-34.5l-108,53l-271-79.6l-79.5,32l-186,11.3l-165.7-52.8L5760,157\n        \"\/>\n      <\/svg>         \n    <\/div>          \n    <div>\n      <svg version=\"1.1\" id=\"Layer_1\" xmlns=\"http:\/\/www.w3.org\/2000\/svg\" xmlns:xlink=\"http:\/\/www.w3.org\/1999\/xlink\" x=\"0px\" y=\"0px\"\n        viewBox=\"4320 -3.8 1440 262.5\" enable-background=\"new 4320 -3.8 1440 262.5\" xml:space=\"preserve\">\n      <path fill=\"none\" stroke=\"#000000\" d=\"M2880,16.5l50.3-17.1l176.3,78.9l115-52l379.5,98l295.5-74.5l80.5,39.2l153.5,32.3L4320,70.3\"\n        \/>\n      <path fill=\"none\" stroke=\"#000000\" d=\"M2880,185h102l232.3,73.6l134.5-45l157,18l230,27l187-45l158.5,25h135.5l103.3-10.3\"\/>\n      <path fill=\"none\" stroke=\"#000000\" d=\"M4320,70.3l111.7-30l207.8,48.3l153-45.6l110.5,8.3l264-8.3l251.3,80.9l153-54.3L5760,88.1\"\/>\n      <path fill=\"none\" stroke=\"#000000\" d=\"M4320,228.4l137-13.9l100-56.8l190,84.3l196-63.4l241,35.9l150-18l94,18l167,27.5l165-18.9\"\/>\n      <path fill=\"none\" stroke=\"#000000\" d=\"M5760,88.1l117,13.5l113-64l167.5,50.5l102-21.5l239.5,56.5l324.5-37.3l195,26.8L7200,68.3\"\/>\n      <path fill=\"none\" stroke=\"#000000\" d=\"M5760,223.1l157.5-20.7l130.5,38.7l266-65.4l140,38.9h132.5l171.5,26.5l287-41l72,34.9\n        l83-93.8\"\/>\n      <\/svg>        \n    <\/div>        <\/div>\n                <div class=\"banner-slide\" data-name=\"styrka\">\n          <div>\n      <svg version=\"1.1\" id=\"Layer_1\" xmlns=\"http:\/\/www.w3.org\/2000\/svg\" xmlns:xlink=\"http:\/\/www.w3.org\/1999\/xlink\" x=\"0px\" y=\"0px\"\n        viewBox=\"5760 -3.8 1440 215.2\" enable-background=\"new 5760 -3.8 1440 215.2\" xml:space=\"preserve\">\n      <path fill=\"none\" stroke=\"#000000\" d=\"M4320,62.9l106-26l127.3-7.3l113.4,11.5l342-33.5l318.6,74.5l140.9-53.5l170,12.5L5760,52.5\"\n        \/>\n      <path fill=\"none\" stroke=\"#000000\" d=\"M5760,157l-100.6,20.1l-252.2-50.4l-333.5,55.5l-89.5-43l-236-13.5L4584.7,205L4320,126.1\"\/>\n      <path fill=\"none\" stroke=\"#000000\" d=\"M5760,52.5l124.8,10.1l96.5-65l340.5,31.5l214.5,33.5l239.5-33.5l166.5,40.5l142-40.5\n        L7200,46.1\"\/>\n      <path fill=\"none\" stroke=\"#000000\" d=\"M7200,155.7l-75.8,14.5l-268-34.5l-108,53l-271-79.6l-79.5,32l-186,11.3l-165.7-52.8L5760,157\n        \"\/>\n      <\/svg>      \n    <\/div>                 \n    <div>\n      <svg version=\"1.1\" id=\"Layer_1\" xmlns=\"http:\/\/www.w3.org\/2000\/svg\" xmlns:xlink=\"http:\/\/www.w3.org\/1999\/xlink\" x=\"0px\" y=\"0px\"\n        viewBox=\"5760 -3.8 1440 262.5\" enable-background=\"new 5760 -3.8 1440 262.5\" xml:space=\"preserve\">\n      <path fill=\"none\" stroke=\"#000000\" d=\"M4320,70.3l111.7-30l207.8,48.3l153-45.6l110.5,8.3l264-8.3l251.3,80.9l153-54.3L5760,88.1\"\/>\n      <path fill=\"none\" stroke=\"#000000\" d=\"M4320,228.4l137-13.9l100-56.8l190,84.3l196-63.4l241,35.9l150-18l94,18l167,27.5l165-18.9\"\/>\n      <path fill=\"none\" stroke=\"#000000\" d=\"M5760,88.1l117,13.5l113-64l167.5,50.5l102-21.5l239.5,56.5l324.5-37.3l195,26.8L7200,68.3\"\/>\n      <path fill=\"none\" stroke=\"#000000\" d=\"M5760,223.1l157.5-20.7l130.5,38.7l266-65.4l140,38.9h132.5l171.5,26.5l287-41l72,34.9\n        l83-93.8\"\/>\n      <\/svg>        \n    <\/div>        <\/div>\n            <\/div>\n  <\/section>\n  <section class=\"block-cards\">\n    <div>\n      <div class='block-cards-shell'>\n        <ul class='block-cards-description'>\n                      <li class='block-cards-title js-title   block-cards-title-active' data-page=\"1\" data-slide='tillv\u00e4xt'><h2>ber\u00e4ttelser f\u00f6r din tillv\u00e4xt<\/h2><\/li>\n                        <li class='block-cards-title js-title   ' data-page=\"1\" data-slide='f\u00f6rtroende'><h2>tr\u00e4ffa din partner<\/h2><\/li>\n                        <li class='block-cards-title js-title   ' data-page=\"1\" data-slide='framtid'><h2>g\u00f6r skillnad<\/h2><\/li>\n                        <li class='block-cards-title js-title   ' data-page=\"1\" data-slide='inspiration'><h2>bli inspirerad<\/h2><\/li>\n                        <li class='block-cards-title js-title   ' data-page=\"1\" data-slide='styrka'><h2>exapandera ditt varum\u00e4rke<\/h2><\/li>\n                    <\/ul>\n        <ul class='block-cards-category' >\n                      <li class='block-cards-tab js-tab  block-cards-tab-active' data-page=\"1\" data-slide='tillv\u00e4xt'>tillv\u00e4xt<\/li>\n                        <li class='block-cards-tab js-tab ' data-page=\"1\" data-slide='f\u00f6rtroende'>f\u00f6rtroende<\/li>\n                        <li class='block-cards-tab js-tab ' data-page=\"1\" data-slide='framtid'>framtid<\/li>\n                        <li class='block-cards-tab js-tab ' data-page=\"1\" data-slide='inspiration'>inspiration<\/li>\n                        <li class='block-cards-tab js-tab ' data-page=\"1\" data-slide='styrka'>styrka<\/li>\n                    <\/ul>\n      <\/div>\n      <ul class=\"block-cards-container js-cards\">\n            <li class=\"card\">\n      <div>\n        <a href=\"https:\/\/web4pro.se\/blogg\/test-2\/\">\n          <div class='card-date'>\n            <span>Juni 08, 2023<\/span>\n                                      <div>\n                      <span>\n                        <svg width=\"16\" height=\"16\" viewBox=\"0 0 16 16\" fill=\"none\" xmlns=\"http:\/\/www.w3.org\/2000\/svg\">\n                          <path d=\"M10.853 9.41291L8.62219 7.73979V4.3316C8.62219 3.98891 8.34519 3.71191 8.0025 3.71191C7.65981 3.71191 7.38281 3.98891 7.38281 4.3316V8.04966C7.38281 8.24485 7.47453 8.42891 7.63069 8.54541L10.1094 10.4044C10.2209 10.4881 10.3511 10.5284 10.4806 10.5284C10.6696 10.5284 10.8555 10.4435 10.9769 10.2799C11.1827 10.0066 11.1269 9.61804 10.853 9.41291Z\" fill=\"black\"\/>\n                          <path d=\"M8 0C3.58853 0 0 3.58853 0 8C0 12.4115 3.58853 16 8 16C12.4115 16 16 12.4115 16 8C16 3.58853 12.4115 0 8 0ZM8 14.7607C4.27266 14.7607 1.23934 11.7273 1.23934 8C1.23934 4.27266 4.27266 1.23934 8 1.23934C11.728 1.23934 14.7607 4.27266 14.7607 8C14.7607 11.7273 11.7273 14.7607 8 14.7607Z\" fill=\"black\"\/>\n                          <\/svg>\n                      <\/span>\n                <span>20 min<\/span>\n              <\/div>\n                      <\/div>\n          <div class=\"card-image\">\n\n                          <img src =\"https:\/\/web4pro.se\/blogg\/wp-content\/themes\/w4ptheme\/build\/images\/blog-5%201.png\">\n            \n          <\/div>\n          <div >\n            <h2 class=\"card-title\">\n              <a href=\"https:\/\/web4pro.se\/blogg\/test-2\/\">test<\/a>\n            <\/h2>\n            <p class=\"card-text\"><\/p>\n          <\/div>\n        <\/a>\n      <\/div>\n    <\/li>\n      <li class=\"card\">\n      <div>\n        <a href=\"https:\/\/web4pro.se\/blogg\/hur-shopify-kan-hjalpa-ditt-varumarke-att-vaxa\/\">\n          <div class='card-date'>\n            <span>Apr 18, 2022<\/span>\n                                      <div>\n                      <span>\n                        <svg width=\"16\" height=\"16\" viewBox=\"0 0 16 16\" fill=\"none\" xmlns=\"http:\/\/www.w3.org\/2000\/svg\">\n                          <path d=\"M10.853 9.41291L8.62219 7.73979V4.3316C8.62219 3.98891 8.34519 3.71191 8.0025 3.71191C7.65981 3.71191 7.38281 3.98891 7.38281 4.3316V8.04966C7.38281 8.24485 7.47453 8.42891 7.63069 8.54541L10.1094 10.4044C10.2209 10.4881 10.3511 10.5284 10.4806 10.5284C10.6696 10.5284 10.8555 10.4435 10.9769 10.2799C11.1827 10.0066 11.1269 9.61804 10.853 9.41291Z\" fill=\"black\"\/>\n                          <path d=\"M8 0C3.58853 0 0 3.58853 0 8C0 12.4115 3.58853 16 8 16C12.4115 16 16 12.4115 16 8C16 3.58853 12.4115 0 8 0ZM8 14.7607C4.27266 14.7607 1.23934 11.7273 1.23934 8C1.23934 4.27266 4.27266 1.23934 8 1.23934C11.728 1.23934 14.7607 4.27266 14.7607 8C14.7607 11.7273 11.7273 14.7607 8 14.7607Z\" fill=\"black\"\/>\n                          <\/svg>\n                      <\/span>\n                <span>20 min<\/span>\n              <\/div>\n                      <\/div>\n          <div class=\"card-image\">\n\n                          <img src =\"https:\/\/web4pro.se\/blogg\/wp-content\/themes\/w4ptheme\/build\/images\/blog-5%201.png\">\n            \n          <\/div>\n          <div >\n            <h2 class=\"card-title\">\n              <a href=\"https:\/\/web4pro.se\/blogg\/hur-shopify-kan-hjalpa-ditt-varumarke-att-vaxa\/\">Hur Shopify Kan Hj\u00e4lpa Ditt Varum\u00e4rke Att V\u00e4xa<\/a>\n            <\/h2>\n            <p class=\"card-text\">Uppt\u00e4ck hur Shopify kan hj\u00e4lpa dig att lansera och utveckla ditt f\u00f6retag online med sin allt-i-ett-l\u00f6sning f\u00f6r din tillv\u00e4xt.<\/p>\n          <\/div>\n        <\/a>\n      <\/div>\n    <\/li>\n      <li class=\"card\">\n      <div>\n        <a href=\"https:\/\/web4pro.se\/blogg\/john-smedley-webbplatsoversikt-klassisk-varumarkesbild-och-elegant-design-upplevelse\/\">\n          <div class='card-date'>\n            <span>Mars 10, 2022<\/span>\n                                      <div>\n                      <span>\n                        <svg width=\"16\" height=\"16\" viewBox=\"0 0 16 16\" fill=\"none\" xmlns=\"http:\/\/www.w3.org\/2000\/svg\">\n                          <path d=\"M10.853 9.41291L8.62219 7.73979V4.3316C8.62219 3.98891 8.34519 3.71191 8.0025 3.71191C7.65981 3.71191 7.38281 3.98891 7.38281 4.3316V8.04966C7.38281 8.24485 7.47453 8.42891 7.63069 8.54541L10.1094 10.4044C10.2209 10.4881 10.3511 10.5284 10.4806 10.5284C10.6696 10.5284 10.8555 10.4435 10.9769 10.2799C11.1827 10.0066 11.1269 9.61804 10.853 9.41291Z\" fill=\"black\"\/>\n                          <path d=\"M8 0C3.58853 0 0 3.58853 0 8C0 12.4115 3.58853 16 8 16C12.4115 16 16 12.4115 16 8C16 3.58853 12.4115 0 8 0ZM8 14.7607C4.27266 14.7607 1.23934 11.7273 1.23934 8C1.23934 4.27266 4.27266 1.23934 8 1.23934C11.728 1.23934 14.7607 4.27266 14.7607 8C14.7607 11.7273 11.7273 14.7607 8 14.7607Z\" fill=\"black\"\/>\n                          <\/svg>\n                      <\/span>\n                <span>18 min<\/span>\n              <\/div>\n                      <\/div>\n          <div class=\"card-image\">\n\n                          <img src =\"https:\/\/web4pro.se\/blogg\/wp-content\/uploads\/2022\/01\/blog-img-smedley.png\" alt=\"John Smedley webbplats\u00f6versikt: klassisk varum\u00e4rkesbild och elegant design upplevelse\">\n            \n          <\/div>\n          <div >\n            <h2 class=\"card-title\">\n              <a href=\"https:\/\/web4pro.se\/blogg\/john-smedley-webbplatsoversikt-klassisk-varumarkesbild-och-elegant-design-upplevelse\/\">John Smedley webbplats\u00f6versikt: klassisk varum\u00e4rkesbild och elegant design upplevelse<\/a>\n            <\/h2>\n            <p class=\"card-text\">L\u00e5t dig inspireras av ytterligare en kvalitativ webbplats, varum\u00e4rket John Smedley ser till att ta hand om sina online kunder.<\/p>\n          <\/div>\n        <\/a>\n      <\/div>\n    <\/li>\n      <li class=\"card\">\n      <div>\n        <a href=\"https:\/\/web4pro.se\/blogg\/pandoras-smycken-webbplatsoversikt-oklanderlig-anvandarupplevelse-kund-forst-strategi\/\">\n          <div class='card-date'>\n            <span>Feb 15, 2022<\/span>\n                                      <div>\n                      <span>\n                        <svg width=\"16\" height=\"16\" viewBox=\"0 0 16 16\" fill=\"none\" xmlns=\"http:\/\/www.w3.org\/2000\/svg\">\n                          <path d=\"M10.853 9.41291L8.62219 7.73979V4.3316C8.62219 3.98891 8.34519 3.71191 8.0025 3.71191C7.65981 3.71191 7.38281 3.98891 7.38281 4.3316V8.04966C7.38281 8.24485 7.47453 8.42891 7.63069 8.54541L10.1094 10.4044C10.2209 10.4881 10.3511 10.5284 10.4806 10.5284C10.6696 10.5284 10.8555 10.4435 10.9769 10.2799C11.1827 10.0066 11.1269 9.61804 10.853 9.41291Z\" fill=\"black\"\/>\n                          <path d=\"M8 0C3.58853 0 0 3.58853 0 8C0 12.4115 3.58853 16 8 16C12.4115 16 16 12.4115 16 8C16 3.58853 12.4115 0 8 0ZM8 14.7607C4.27266 14.7607 1.23934 11.7273 1.23934 8C1.23934 4.27266 4.27266 1.23934 8 1.23934C11.728 1.23934 14.7607 4.27266 14.7607 8C14.7607 11.7273 11.7273 14.7607 8 14.7607Z\" fill=\"black\"\/>\n                          <\/svg>\n                      <\/span>\n                <span>20 min<\/span>\n              <\/div>\n                      <\/div>\n          <div class=\"card-image\">\n\n                          <img src =\"https:\/\/web4pro.se\/blogg\/wp-content\/uploads\/2022\/02\/blog-img-pandora.png\" alt=\"Pandoras smycken webbplats\u00f6versikt: oklanderlig anv\u00e4ndarupplevelse &#038; kund-f\u00f6rst-strategi\">\n            \n          <\/div>\n          <div >\n            <h2 class=\"card-title\">\n              <a href=\"https:\/\/web4pro.se\/blogg\/pandoras-smycken-webbplatsoversikt-oklanderlig-anvandarupplevelse-kund-forst-strategi\/\">Pandoras smycken webbplats\u00f6versikt: oklanderlig anv\u00e4ndarupplevelse &#038; kund-f\u00f6rst-strategi<\/a>\n            <\/h2>\n            <p class=\"card-text\">Uppt\u00e4ck hemligheterna med Pandora, ett globalt smyckes varum\u00e4rke som erbjuder enast\u00e5ende produkter och kundupplevelse.<\/p>\n          <\/div>\n        <\/a>\n      <\/div>\n    <\/li>\n  \n\n      <\/ul>\n      <a class=\"infinite-loader\" style=\" display: none; \"><img decoding=\"async\" src=\"https:\/\/web4pro.se\/blogg\/wp-content\/themes\/w4ptheme\/images\/ajax-loader.gif\"><\/a>\n    <\/div>\n  <\/section>\n\n","protected":false},"excerpt":{"rendered":"","protected":false},"author":1,"featured_media":0,"parent":0,"menu_order":0,"comment_status":"closed","ping_status":"closed","template":"page-blog.php","meta":[],"psp_head":"<title>WEB4PROs E-handelsblogg &ndash; WEB4PRO<\/title>\r\n<meta name=\"description\" content=\"V\u00e4lkommen till e-handelsblogg skriven av din e-handelskonsult, WEB4PRO, f\u00f6r ditt varum\u00e4rkes tillv\u00e4xt. Hitta inspiration, id\u00e9er och anv\u00e4ndbara r\u00e5d f\u00f6r kraftfulla varum\u00e4rken online.\" \/>\r\n<meta name=\"robots\" content=\"index,follow\" \/>\r\n<link rel=\"canonical\" href=\"https:\/\/web4pro.se\/blogg\/\" \/>\r\n","_links":{"self":[{"href":"https:\/\/web4pro.se\/blogg\/wp-json\/wp\/v2\/pages\/35"}],"collection":[{"href":"https:\/\/web4pro.se\/blogg\/wp-json\/wp\/v2\/pages"}],"about":[{"href":"https:\/\/web4pro.se\/blogg\/wp-json\/wp\/v2\/types\/page"}],"author":[{"embeddable":true,"href":"https:\/\/web4pro.se\/blogg\/wp-json\/wp\/v2\/users\/1"}],"replies":[{"embeddable":true,"href":"https:\/\/web4pro.se\/blogg\/wp-json\/wp\/v2\/comments?post=35"}],"version-history":[{"count":8,"href":"https:\/\/web4pro.se\/blogg\/wp-json\/wp\/v2\/pages\/35\/revisions"}],"predecessor-version":[{"id":80,"href":"https:\/\/web4pro.se\/blogg\/wp-json\/wp\/v2\/pages\/35\/revisions\/80"}],"wp:attachment":[{"href":"https:\/\/web4pro.se\/blogg\/wp-json\/wp\/v2\/media?parent=35"}],"curies":[{"name":"wp","href":"https:\/\/api.w.org\/{rel}","templated":true}]}}